{"id":1075,"date":"2023-09-05T14:57:53","date_gmt":"2023-09-05T14:57:53","guid":{"rendered":"https:\/\/all1med.com\/?page_id=1075"},"modified":"2025-10-14T17:55:47","modified_gmt":"2025-10-14T16:55:47","slug":"requests","status":"publish","type":"page","link":"https:\/\/www.mediconanet.pt\/en\/requisicoes\/","title":{"rendered":"Medical requests"},"content":{"rendered":"<div data-elementor-type=\"wp-page\" data-elementor-id=\"1075\" class=\"elementor elementor-1075\" data-elementor-post-type=\"page\">\n\t\t\t\t\t\t<section class=\"elementor-section elementor-top-section elementor-element elementor-element-374c7c9 elementor-section-stretched elementor-section-full_width elementor-section-height-default elementor-section-height-default\" data-id=\"374c7c9\" data-element_type=\"section\" data-settings=\"{&quot;stretch_section&quot;:&quot;section-stretched&quot;,&quot;background_background&quot;:&quot;classic&quot;}\">\n\t\t\t\t\t\t<div class=\"elementor-container elementor-column-gap-no\">\n\t\t\t\t\t<div class=\"elementor-column elementor-col-100 elementor-top-column elementor-element elementor-element-72910bd\" data-id=\"72910bd\" data-element_type=\"column\">\n\t\t\t<div class=\"elementor-widget-wrap elementor-element-populated\">\n\t\t\t\t\t\t<section class=\"elementor-section elementor-inner-section elementor-element elementor-element-edc54d5 elementor-section-full_width elementor-section-height-min-height elementor-section-height-default\" data-id=\"edc54d5\" data-element_type=\"section\" data-settings=\"{&quot;background_background&quot;:&quot;classic&quot;,&quot;animation&quot;:&quot;none&quot;}\">\n\t\t\t\t\t\t<div class=\"elementor-container elementor-column-gap-no\">\n\t\t\t\t\t<div class=\"elementor-column elementor-col-100 elementor-inner-column elementor-element elementor-element-cccb6ea\" data-id=\"cccb6ea\" data-element_type=\"column\" data-settings=\"{&quot;animation&quot;:&quot;none&quot;}\">\n\t\t\t<div class=\"elementor-widget-wrap elementor-element-populated\">\n\t\t\t\t\t\t<div class=\"elementor-element elementor-element-a280710 elementor-widget elementor-widget-heading\" data-id=\"a280710\" data-element_type=\"widget\" data-widget_type=\"heading.default\">\n\t\t\t\t\t<h1 class=\"elementor-heading-title elementor-size-default\"><p>Medical requests \n<br><span style=\"color: #2B9B9F\">Online<\/span><\/p>\n<\/h1>\t\t\t\t<\/div>\n\t\t\t\t\t<\/div>\n\t\t<\/div>\n\t\t\t\t\t<\/div>\n\t\t<\/section>\n\t\t\t\t\t<\/div>\n\t\t<\/div>\n\t\t\t\t\t<\/div>\n\t\t<\/section>\n\t\t\t\t<section class=\"elementor-section elementor-top-section elementor-element elementor-element-74e447f elementor-section-stretched elementor-hidden-desktop elementor-hidden-tablet elementor-section-boxed elementor-section-height-default elementor-section-height-default\" data-id=\"74e447f\" data-element_type=\"section\" data-settings=\"{&quot;stretch_section&quot;:&quot;section-stretched&quot;,&quot;animation&quot;:&quot;none&quot;}\">\n\t\t\t\t\t\t\t<div class=\"elementor-background-overlay\"><\/div>\n\t\t\t\t\t\t\t<div class=\"elementor-container elementor-column-gap-no\">\n\t\t\t\t\t<div class=\"elementor-column elementor-col-100 elementor-top-column elementor-element elementor-element-4d68c40\" data-id=\"4d68c40\" data-element_type=\"column\">\n\t\t\t<div class=\"elementor-widget-wrap elementor-element-populated\">\n\t\t\t\t\t\t<section class=\"elementor-section elementor-inner-section elementor-element elementor-element-49fdce7 elementor-section-boxed elementor-section-height-default elementor-section-height-default\" data-id=\"49fdce7\" data-element_type=\"section\" data-settings=\"{&quot;animation&quot;:&quot;none&quot;}\">\n\t\t\t\t\t\t<div class=\"elementor-container elementor-column-gap-no\">\n\t\t\t\t\t<div class=\"elementor-column elementor-col-50 elementor-inner-column elementor-element elementor-element-bb5ecfd\" data-id=\"bb5ecfd\" data-element_type=\"column\">\n\t\t\t<div class=\"elementor-widget-wrap elementor-element-populated\">\n\t\t\t\t\t\t<div class=\"elementor-element elementor-element-0fde6ff elementor-widget elementor-widget-image\" data-id=\"0fde6ff\" data-element_type=\"widget\" data-widget_type=\"image.default\">\n\t\t\t\t\t\t\t\t\t\t\t\t\t\t\t\t<a href=\"https:\/\/www.mediconanet.pt\/en\/product\/analyses\/\">\n\t\t\t\t\t\t\t<img fetchpriority=\"high\" decoding=\"async\" width=\"600\" height=\"600\" src=\"https:\/\/www.mediconanet.pt\/wp-content\/uploads\/2024\/04\/analises-sangue-600x600-1.jpg\" class=\"attachment-large size-large wp-image-5187\" alt=\"Blood Tests\" srcset=\"https:\/\/www.mediconanet.pt\/wp-content\/uploads\/2024\/04\/analises-sangue-600x600-1.jpg 600w, https:\/\/www.mediconanet.pt\/wp-content\/uploads\/2024\/04\/analises-sangue-600x600-1-300x300.jpg 300w, https:\/\/www.mediconanet.pt\/wp-content\/uploads\/2024\/04\/analises-sangue-600x600-1-150x150.jpg 150w, https:\/\/www.mediconanet.pt\/wp-content\/uploads\/2024\/04\/analises-sangue-600x600-1-12x12.jpg 12w\" sizes=\"(max-width: 600px) 100vw, 600px\" \/>\t\t\t\t\t\t\t\t<\/a>\n\t\t\t\t\t\t\t\t\t\t\t\t\t\t\t<\/div>\n\t\t\t\t<div class=\"elementor-element elementor-element-4287bbe elementor-widget elementor-widget-heading\" data-id=\"4287bbe\" data-element_type=\"widget\" data-widget_type=\"heading.default\">\n\t\t\t\t\t<h2 class=\"elementor-heading-title elementor-size-default\">Analysis<\/h2>\t\t\t\t<\/div>\n\t\t\t\t<div class=\"elementor-element elementor-element-a0e5f9d elementor-widget elementor-widget-text-editor\" data-id=\"a0e5f9d\" data-element_type=\"widget\" data-widget_type=\"text-editor.default\">\n\t\t\t\t\t\t\t\t\t<p><span style=\"color: #54cd5e;\">15,00 \u20ac<\/span><\/p>\t\t\t\t\t\t\t\t<\/div>\n\t\t\t\t\t<\/div>\n\t\t<\/div>\n\t\t\t\t<div class=\"elementor-column elementor-col-50 elementor-inner-column elementor-element elementor-element-8405caf\" data-id=\"8405caf\" data-element_type=\"column\">\n\t\t\t<div class=\"elementor-widget-wrap elementor-element-populated\">\n\t\t\t\t\t\t<div class=\"elementor-element elementor-element-72c2f35 elementor-widget elementor-widget-image\" data-id=\"72c2f35\" data-element_type=\"widget\" data-widget_type=\"image.default\">\n\t\t\t\t\t\t\t\t\t\t\t\t\t\t\t\t<a href=\"https:\/\/www.mediconanet.pt\/en\/product\/radiology-2\/\">\n\t\t\t\t\t\t\t<img decoding=\"async\" width=\"600\" height=\"600\" src=\"https:\/\/www.mediconanet.pt\/wp-content\/uploads\/2024\/04\/radiologia-600x600-1.jpg\" class=\"attachment-large size-large wp-image-5188\" alt=\"\" srcset=\"https:\/\/www.mediconanet.pt\/wp-content\/uploads\/2024\/04\/radiologia-600x600-1.jpg 600w, https:\/\/www.mediconanet.pt\/wp-content\/uploads\/2024\/04\/radiologia-600x600-1-300x300.jpg 300w, https:\/\/www.mediconanet.pt\/wp-content\/uploads\/2024\/04\/radiologia-600x600-1-150x150.jpg 150w, https:\/\/www.mediconanet.pt\/wp-content\/uploads\/2024\/04\/radiologia-600x600-1-12x12.jpg 12w\" sizes=\"(max-width: 600px) 100vw, 600px\" \/>\t\t\t\t\t\t\t\t<\/a>\n\t\t\t\t\t\t\t\t\t\t\t\t\t\t\t<\/div>\n\t\t\t\t<div class=\"elementor-element elementor-element-a41c72a elementor-widget elementor-widget-heading\" data-id=\"a41c72a\" data-element_type=\"widget\" data-widget_type=\"heading.default\">\n\t\t\t\t\t<h2 class=\"elementor-heading-title elementor-size-default\">Radiology<\/h2>\t\t\t\t<\/div>\n\t\t\t\t<div class=\"elementor-element elementor-element-2c2921f elementor-widget elementor-widget-text-editor\" data-id=\"2c2921f\" data-element_type=\"widget\" data-widget_type=\"text-editor.default\">\n\t\t\t\t\t\t\t\t\t<p><span style=\"color: #54cd5e;\">15,00 \u20ac<\/span><\/p>\t\t\t\t\t\t\t\t<\/div>\n\t\t\t\t\t<\/div>\n\t\t<\/div>\n\t\t\t\t\t<\/div>\n\t\t<\/section>\n\t\t\t\t\t<\/div>\n\t\t<\/div>\n\t\t\t\t\t<\/div>\n\t\t<\/section>\n\t\t\t\t<section class=\"elementor-section elementor-top-section elementor-element elementor-element-b34e119 elementor-section-stretched elementor-hidden-mobile elementor-section-boxed elementor-section-height-default elementor-section-height-default\" data-id=\"b34e119\" data-element_type=\"section\" data-settings=\"{&quot;stretch_section&quot;:&quot;section-stretched&quot;,&quot;animation&quot;:&quot;none&quot;}\">\n\t\t\t\t\t\t\t<div class=\"elementor-background-overlay\"><\/div>\n\t\t\t\t\t\t\t<div class=\"elementor-container elementor-column-gap-no\">\n\t\t\t\t\t<div class=\"elementor-column elementor-col-100 elementor-top-column elementor-element elementor-element-c581aea\" data-id=\"c581aea\" data-element_type=\"column\">\n\t\t\t<div class=\"elementor-widget-wrap elementor-element-populated\">\n\t\t\t\t\t\t<div class=\"elementor-element elementor-element-70bb68ad elementor-widget elementor-widget-heading\" data-id=\"70bb68ad\" data-element_type=\"widget\" data-settings=\"{&quot;_animation&quot;:&quot;none&quot;}\" data-widget_type=\"heading.default\">\n\t\t\t\t\t<h2 class=\"elementor-heading-title elementor-size-default\">Exam Request\n<br><br>15\u20ac<\/h2>\t\t\t\t<\/div>\n\t\t\t\t<div class=\"elementor-element elementor-element-7b45b75 elementor-widget elementor-widget-text-editor\" data-id=\"7b45b75\" data-element_type=\"widget\" data-widget_type=\"text-editor.default\">\n\t\t\t\t\t\t\t\t\t<p style=\"text-align: center;\">To request tests such as blood tests, X-rays, Magnetic Resonance Imaging, CT scan or Ultrasound, complete the questionnaire.<\/p><p style=\"text-align: center;\">Our doctors will contact you within 24 hours. Our medical team will assess your request and issue the requisition.<\/p><p style=\"text-align: center;\">If for any reason our doctors think that this exam is not the best option, you will be advised on the best options for you.<\/p>\t\t\t\t\t\t\t\t<\/div>\n\t\t\t\t<section class=\"elementor-section elementor-inner-section elementor-element elementor-element-b3edd6c elementor-section-boxed elementor-section-height-default elementor-section-height-default\" data-id=\"b3edd6c\" data-element_type=\"section\" data-settings=\"{&quot;animation&quot;:&quot;none&quot;}\">\n\t\t\t\t\t\t<div class=\"elementor-container elementor-column-gap-no\">\n\t\t\t\t\t<div class=\"elementor-column elementor-col-25 elementor-inner-column elementor-element elementor-element-bfca3e3\" data-id=\"bfca3e3\" data-element_type=\"column\">\n\t\t\t<div class=\"elementor-widget-wrap\">\n\t\t\t\t\t\t\t<\/div>\n\t\t<\/div>\n\t\t\t\t<div class=\"elementor-column elementor-col-25 elementor-inner-column elementor-element elementor-element-5b47f0a\" data-id=\"5b47f0a\" data-element_type=\"column\">\n\t\t\t<div class=\"elementor-widget-wrap elementor-element-populated\">\n\t\t\t\t\t\t<div class=\"elementor-element elementor-element-9f8a6af elementor-widget elementor-widget-image\" data-id=\"9f8a6af\" data-element_type=\"widget\" data-widget_type=\"image.default\">\n\t\t\t\t\t\t\t\t\t\t\t\t\t\t\t\t<a href=\"https:\/\/www.mediconanet.pt\/en\/product\/analyses\/\">\n\t\t\t\t\t\t\t<img fetchpriority=\"high\" decoding=\"async\" width=\"600\" height=\"600\" src=\"https:\/\/www.mediconanet.pt\/wp-content\/uploads\/2024\/04\/analises-sangue-600x600-1.jpg\" class=\"attachment-large size-large wp-image-5187\" alt=\"Blood Tests\" srcset=\"https:\/\/www.mediconanet.pt\/wp-content\/uploads\/2024\/04\/analises-sangue-600x600-1.jpg 600w, https:\/\/www.mediconanet.pt\/wp-content\/uploads\/2024\/04\/analises-sangue-600x600-1-300x300.jpg 300w, https:\/\/www.mediconanet.pt\/wp-content\/uploads\/2024\/04\/analises-sangue-600x600-1-150x150.jpg 150w, https:\/\/www.mediconanet.pt\/wp-content\/uploads\/2024\/04\/analises-sangue-600x600-1-12x12.jpg 12w\" sizes=\"(max-width: 600px) 100vw, 600px\" \/>\t\t\t\t\t\t\t\t<\/a>\n\t\t\t\t\t\t\t\t\t\t\t\t\t\t\t<\/div>\n\t\t\t\t<div class=\"elementor-element elementor-element-72e2fb6 elementor-widget elementor-widget-heading\" data-id=\"72e2fb6\" data-element_type=\"widget\" data-widget_type=\"heading.default\">\n\t\t\t\t\t<h2 class=\"elementor-heading-title elementor-size-default\">Analysis<\/h2>\t\t\t\t<\/div>\n\t\t\t\t<div class=\"elementor-element elementor-element-37d8a1b elementor-widget elementor-widget-text-editor\" data-id=\"37d8a1b\" data-element_type=\"widget\" data-widget_type=\"text-editor.default\">\n\t\t\t\t\t\t\t\t\t<p><span style=\"color: #000000;\">15,00 \u20ac<\/span><\/p>\t\t\t\t\t\t\t\t<\/div>\n\t\t\t\t\t<\/div>\n\t\t<\/div>\n\t\t\t\t<div class=\"elementor-column elementor-col-25 elementor-inner-column elementor-element elementor-element-bd3c7bf\" data-id=\"bd3c7bf\" data-element_type=\"column\">\n\t\t\t<div class=\"elementor-widget-wrap elementor-element-populated\">\n\t\t\t\t\t\t<div class=\"elementor-element elementor-element-2b50134 elementor-widget elementor-widget-image\" data-id=\"2b50134\" data-element_type=\"widget\" data-widget_type=\"image.default\">\n\t\t\t\t\t\t\t\t\t\t\t\t\t\t\t\t<a href=\"https:\/\/www.mediconanet.pt\/en\/product\/radiology-2\/\">\n\t\t\t\t\t\t\t<img decoding=\"async\" width=\"600\" height=\"600\" src=\"https:\/\/www.mediconanet.pt\/wp-content\/uploads\/2024\/04\/radiologia-600x600-1.jpg\" class=\"attachment-large size-large wp-image-5188\" alt=\"\" srcset=\"https:\/\/www.mediconanet.pt\/wp-content\/uploads\/2024\/04\/radiologia-600x600-1.jpg 600w, https:\/\/www.mediconanet.pt\/wp-content\/uploads\/2024\/04\/radiologia-600x600-1-300x300.jpg 300w, https:\/\/www.mediconanet.pt\/wp-content\/uploads\/2024\/04\/radiologia-600x600-1-150x150.jpg 150w, https:\/\/www.mediconanet.pt\/wp-content\/uploads\/2024\/04\/radiologia-600x600-1-12x12.jpg 12w\" sizes=\"(max-width: 600px) 100vw, 600px\" \/>\t\t\t\t\t\t\t\t<\/a>\n\t\t\t\t\t\t\t\t\t\t\t\t\t\t\t<\/div>\n\t\t\t\t<div class=\"elementor-element elementor-element-60ef8de elementor-widget elementor-widget-heading\" data-id=\"60ef8de\" data-element_type=\"widget\" data-widget_type=\"heading.default\">\n\t\t\t\t\t<h2 class=\"elementor-heading-title elementor-size-default\">Radiology<\/h2>\t\t\t\t<\/div>\n\t\t\t\t<div class=\"elementor-element elementor-element-0c78f28 elementor-widget elementor-widget-text-editor\" data-id=\"0c78f28\" data-element_type=\"widget\" data-widget_type=\"text-editor.default\">\n\t\t\t\t\t\t\t\t\t<p>15,00 \u20ac<\/p>\t\t\t\t\t\t\t\t<\/div>\n\t\t\t\t\t<\/div>\n\t\t<\/div>\n\t\t\t\t<div class=\"elementor-column elementor-col-25 elementor-inner-column elementor-element elementor-element-554a7a7\" data-id=\"554a7a7\" data-element_type=\"column\">\n\t\t\t<div class=\"elementor-widget-wrap\">\n\t\t\t\t\t\t\t<\/div>\n\t\t<\/div>\n\t\t\t\t\t<\/div>\n\t\t<\/section>\n\t\t\t\t\t<\/div>\n\t\t<\/div>\n\t\t\t\t\t<\/div>\n\t\t<\/section>\n\t\t\t\t<section class=\"elementor-section elementor-top-section elementor-element elementor-element-c4b4cf7 elementor-section-stretched elementor-section-boxed elementor-section-height-default elementor-section-height-default\" data-id=\"c4b4cf7\" data-element_type=\"section\" data-settings=\"{&quot;stretch_section&quot;:&quot;section-stretched&quot;,&quot;animation&quot;:&quot;none&quot;}\">\n\t\t\t\t\t\t\t<div class=\"elementor-background-overlay\"><\/div>\n\t\t\t\t\t\t\t<div class=\"elementor-container elementor-column-gap-no\">\n\t\t\t\t\t<div class=\"elementor-column elementor-col-100 elementor-top-column elementor-element elementor-element-76b5c23\" data-id=\"76b5c23\" data-element_type=\"column\" data-settings=\"{&quot;background_background&quot;:&quot;classic&quot;}\">\n\t\t\t<div class=\"elementor-widget-wrap elementor-element-populated\">\n\t\t\t\t\t\t<section class=\"elementor-section elementor-inner-section elementor-element elementor-element-7f54319 elementor-section-boxed elementor-section-height-default elementor-section-height-default elementor-invisible\" data-id=\"7f54319\" data-element_type=\"section\" data-settings=\"{&quot;animation&quot;:&quot;fadeInUp&quot;}\">\n\t\t\t\t\t\t\t<div class=\"elementor-background-overlay\"><\/div>\n\t\t\t\t\t\t\t<div class=\"elementor-container elementor-column-gap-no\">\n\t\t\t\t\t<div class=\"elementor-column elementor-col-50 elementor-inner-column elementor-element elementor-element-9e19e32\" data-id=\"9e19e32\" data-element_type=\"column\">\n\t\t\t<div class=\"elementor-widget-wrap elementor-element-populated\">\n\t\t\t\t\t\t<div class=\"elementor-element elementor-element-9b77a2f elementor-widget elementor-widget-heading\" data-id=\"9b77a2f\" data-element_type=\"widget\" data-settings=\"{&quot;_animation&quot;:&quot;none&quot;}\" data-widget_type=\"heading.default\">\n\t\t\t\t\t<h2 class=\"elementor-heading-title elementor-size-large\">How it works<\/h2>\t\t\t\t<\/div>\n\t\t\t\t<div class=\"elementor-element elementor-element-912f712 elementor-widget elementor-widget-image-box\" data-id=\"912f712\" data-element_type=\"widget\" data-widget_type=\"image-box.default\">\n\t\t\t\t\t<div class=\"elementor-image-box-wrapper\"><div class=\"elementor-image-box-content\"><p class=\"elementor-image-box-description\">Through the online consultation and questionnaire, our medical team will advise and help solve your problem. From simple counselling to issuing prescriptions or test requests.<\/p><\/div><\/div>\t\t\t\t<\/div>\n\t\t\t\t\t<\/div>\n\t\t<\/div>\n\t\t\t\t<div class=\"elementor-column elementor-col-50 elementor-inner-column elementor-element elementor-element-b9203f6\" data-id=\"b9203f6\" data-element_type=\"column\">\n\t\t\t<div class=\"elementor-widget-wrap elementor-element-populated\">\n\t\t\t\t\t\t<div class=\"elementor-element elementor-element-f714dfb elementor-position-left elementor-vertical-align-top elementor-widget elementor-widget-image-box\" data-id=\"f714dfb\" data-element_type=\"widget\" data-widget_type=\"image-box.default\">\n\t\t\t\t\t<div class=\"elementor-image-box-wrapper\"><figure class=\"elementor-image-box-img\"><img decoding=\"async\" width=\"256\" height=\"256\" src=\"https:\/\/www.mediconanet.pt\/wp-content\/uploads\/2024\/12\/ponto-12.png\" class=\"attachment-medium size-medium wp-image-11866\" alt=\"\" srcset=\"https:\/\/www.mediconanet.pt\/wp-content\/uploads\/2024\/12\/ponto-12.png 256w, https:\/\/www.mediconanet.pt\/wp-content\/uploads\/2024\/12\/ponto-12-150x150.png 150w, https:\/\/www.mediconanet.pt\/wp-content\/uploads\/2024\/12\/ponto-12-12x12.png 12w, https:\/\/www.mediconanet.pt\/wp-content\/uploads\/2024\/12\/ponto-12-100x100.png 100w\" sizes=\"(max-width: 256px) 100vw, 256px\" \/><\/figure><div class=\"elementor-image-box-content\"><h5 class=\"elementor-image-box-title\">Choose a service<\/h5><p class=\"elementor-image-box-description\">Start by selecting the service you want and follow the specific instructions given to you.\n\n<\/p><\/div><\/div>\t\t\t\t<\/div>\n\t\t\t\t<div class=\"elementor-element elementor-element-93a6cfb elementor-position-left elementor-vertical-align-top elementor-widget elementor-widget-image-box\" data-id=\"93a6cfb\" data-element_type=\"widget\" data-widget_type=\"image-box.default\">\n\t\t\t\t\t<div class=\"elementor-image-box-wrapper\"><figure class=\"elementor-image-box-img\"><img loading=\"lazy\" decoding=\"async\" width=\"256\" height=\"256\" src=\"https:\/\/www.mediconanet.pt\/wp-content\/uploads\/2024\/12\/ponto-22.png\" class=\"attachment-medium size-medium wp-image-11867\" alt=\"\" srcset=\"https:\/\/www.mediconanet.pt\/wp-content\/uploads\/2024\/12\/ponto-22.png 256w, https:\/\/www.mediconanet.pt\/wp-content\/uploads\/2024\/12\/ponto-22-150x150.png 150w, https:\/\/www.mediconanet.pt\/wp-content\/uploads\/2024\/12\/ponto-22-12x12.png 12w, https:\/\/www.mediconanet.pt\/wp-content\/uploads\/2024\/12\/ponto-22-100x100.png 100w\" sizes=\"(max-width: 256px) 100vw, 256px\" \/><\/figure><div class=\"elementor-image-box-content\"><h5 class=\"elementor-image-box-title\">Medical Assessment<\/h5><p class=\"elementor-image-box-description\">The assessment is carried out through consultation and questionnaire and, depending on the service:\n<br>- You can book the appointment yourself in the questionnaire;\n<br>- It may be the doctor who has the option of contacting the patient on the agreed day\/time.<\/p><\/div><\/div>\t\t\t\t<\/div>\n\t\t\t\t<div class=\"elementor-element elementor-element-70f5e82 elementor-position-left elementor-vertical-align-top elementor-widget elementor-widget-image-box\" data-id=\"70f5e82\" data-element_type=\"widget\" data-widget_type=\"image-box.default\">\n\t\t\t\t\t<div class=\"elementor-image-box-wrapper\"><figure class=\"elementor-image-box-img\"><img loading=\"lazy\" decoding=\"async\" width=\"256\" height=\"256\" src=\"https:\/\/www.mediconanet.pt\/wp-content\/uploads\/2024\/12\/ponto-32.png\" class=\"attachment-medium size-medium wp-image-11868\" alt=\"\" srcset=\"https:\/\/www.mediconanet.pt\/wp-content\/uploads\/2024\/12\/ponto-32.png 256w, https:\/\/www.mediconanet.pt\/wp-content\/uploads\/2024\/12\/ponto-32-150x150.png 150w, https:\/\/www.mediconanet.pt\/wp-content\/uploads\/2024\/12\/ponto-32-12x12.png 12w, https:\/\/www.mediconanet.pt\/wp-content\/uploads\/2024\/12\/ponto-32-100x100.png 100w\" sizes=\"(max-width: 256px) 100vw, 256px\" \/><\/figure><div class=\"elementor-image-box-content\"><h5 class=\"elementor-image-box-title\">Action Plan<\/h5><p class=\"elementor-image-box-description\">The medical plan will be discussed directly with you during the consultation, based on the questionnaire with which the requested document will be issued. <\/p><\/div><\/div>\t\t\t\t<\/div>\n\t\t\t\t\t<\/div>\n\t\t<\/div>\n\t\t\t\t\t<\/div>\n\t\t<\/section>\n\t\t\t\t\t<\/div>\n\t\t<\/div>\n\t\t\t\t\t<\/div>\n\t\t<\/section>\n\t\t\t\t<section class=\"elementor-section elementor-top-section elementor-element elementor-element-e1ada77 elementor-section-boxed elementor-section-height-default elementor-section-height-default\" data-id=\"e1ada77\" data-element_type=\"section\">\n\t\t\t\t\t\t<div class=\"elementor-container elementor-column-gap-default\">\n\t\t\t\t\t<div class=\"elementor-column elementor-col-100 elementor-top-column elementor-element elementor-element-f726869\" data-id=\"f726869\" data-element_type=\"column\">\n\t\t\t<div class=\"elementor-widget-wrap elementor-element-populated\">\n\t\t\t\t\t\t<div class=\"elementor-element elementor-element-84d7332 elementor-widget elementor-widget-text-editor\" data-id=\"84d7332\" data-element_type=\"widget\" data-widget_type=\"text-editor.default\">\n\t\t\t\t\t\t\t\t\t<p>If you don't feel well, please call 112 if it's urgent or an emergency, or call <span style=\"color: #2b9b9f;\"><strong><a style=\"color: #2b9b9f;\" href=\"https:\/\/www.sns24.gov.pt\/\" target=\"_blank\" rel=\"noopener nofollow\">SNS 24<\/a><\/strong><\/span> - 808242424 for non-urgent situations.<\/p><p>If you have questions about your health problem or treatment, we advise you to schedule a\u00a0<span style=\"color: #54cd5e;\"><a style=\"color: #54cd5e;\" href=\"https:\/\/www.mediconanet.pt\/en\/telephone-enquiry\/\" target=\"_blank\" rel=\"noopener\"><span style=\"color: #2b9b9f;\">Telephone Consultation<\/span><\/a><\/span>\u00a0or\u00a0<a href=\"https:\/\/www.mediconanet.pt\/en\/video-consulta\/\" target=\"_blank\" rel=\"noopener\"><span style=\"color: #54cd5e;\"><span style=\"color: #2b9b9f;\">Video Appointment<\/span><\/span><\/a>.<\/p>\t\t\t\t\t\t\t\t<\/div>\n\t\t\t\t\t<\/div>\n\t\t<\/div>\n\t\t\t\t\t<\/div>\n\t\t<\/section>\n\t\t\t\t<\/div>","protected":false},"excerpt":{"rendered":"<p>Requisi\u00e7\u00f5es Online An\u00e1lises 15,00 \u20ac Radiologia 15,00 \u20ac Servi\u00e7o de Requisi\u00e7\u00e3o de Exames 15\u20ac Para a requisi\u00e7\u00e3o de exames como an\u00e1lises ao sangue, raio X, Resson\u00e2ncia Magn\u00e9tica, TAC ou Ecogra\ufb01a preencha o question\u00e1rio. Os nossos m\u00e9dicos entrar\u00e3o em contato em at\u00e9 24h. A nossa equipa m\u00e9dica ir\u00e1 avaliar o seu pedido e emitir a requisi\u00e7\u00e3o. [&hellip;]<\/p>\n","protected":false},"author":1,"featured_media":0,"parent":0,"menu_order":0,"comment_status":"closed","ping_status":"closed","template":"","meta":{"footnotes":""},"class_list":["post-1075","page","type-page","status-publish","hentry"],"jetpack_sharing_enabled":true,"_links":{"self":[{"href":"https:\/\/www.mediconanet.pt\/en\/wp-json\/wp\/v2\/pages\/1075","targetHints":{"allow":["GET"]}}],"collection":[{"href":"https:\/\/www.mediconanet.pt\/en\/wp-json\/wp\/v2\/pages"}],"about":[{"href":"https:\/\/www.mediconanet.pt\/en\/wp-json\/wp\/v2\/types\/page"}],"author":[{"embeddable":true,"href":"https:\/\/www.mediconanet.pt\/en\/wp-json\/wp\/v2\/users\/1"}],"replies":[{"embeddable":true,"href":"https:\/\/www.mediconanet.pt\/en\/wp-json\/wp\/v2\/comments?post=1075"}],"version-history":[{"count":0,"href":"https:\/\/www.mediconanet.pt\/en\/wp-json\/wp\/v2\/pages\/1075\/revisions"}],"wp:attachment":[{"href":"https:\/\/www.mediconanet.pt\/en\/wp-json\/wp\/v2\/media?parent=1075"}],"curies":[{"name":"wp","href":"https:\/\/api.w.org\/{rel}","templated":true}]}}