{"id":14194,"date":"2025-01-21T19:12:37","date_gmt":"2025-01-21T19:12:37","guid":{"rendered":"https:\/\/www.mediconanet.pt\/?page_id=14194"},"modified":"2026-01-28T12:42:04","modified_gmt":"2026-01-28T12:42:04","slug":"order-completed","status":"publish","type":"page","link":"https:\/\/www.mediconanet.pt\/en\/pedido-concluido\/","title":{"rendered":"Order completed"},"content":{"rendered":"<div data-elementor-type=\"wp-page\" data-elementor-id=\"14194\" class=\"elementor elementor-14194\" data-elementor-post-type=\"page\">\n\t\t\t\t<div class=\"elementor-element elementor-element-50e5c34 e-flex e-con-boxed e-con e-parent\" data-id=\"50e5c34\" data-element_type=\"container\">\n\t\t\t\t\t<div class=\"e-con-inner\">\n\t\t<div class=\"elementor-element elementor-element-d0de374 e-con-full e-flex e-con e-child\" data-id=\"d0de374\" data-element_type=\"container\">\n\t\t\t\t<div class=\"elementor-element elementor-element-83e58b9 elementor-widget elementor-widget-image\" data-id=\"83e58b9\" data-element_type=\"widget\" data-widget_type=\"image.default\">\n\t\t\t\t\t\t\t\t\t\t\t\t\t\t\t<img fetchpriority=\"high\" decoding=\"async\" width=\"800\" height=\"718\" src=\"https:\/\/www.mediconanet.pt\/wp-content\/uploads\/2024\/12\/Sobre-nos-medico-e-enfermeira.webp\" class=\"attachment-large size-large wp-image-11095\" alt=\"About us doctors and nurses\" srcset=\"https:\/\/www.mediconanet.pt\/wp-content\/uploads\/2024\/12\/Sobre-nos-medico-e-enfermeira.webp 1024w, https:\/\/www.mediconanet.pt\/wp-content\/uploads\/2024\/12\/Sobre-nos-medico-e-enfermeira-300x269.webp 300w, https:\/\/www.mediconanet.pt\/wp-content\/uploads\/2024\/12\/Sobre-nos-medico-e-enfermeira-768x689.webp 768w, https:\/\/www.mediconanet.pt\/wp-content\/uploads\/2024\/12\/Sobre-nos-medico-e-enfermeira-13x12.webp 13w, https:\/\/www.mediconanet.pt\/wp-content\/uploads\/2024\/12\/Sobre-nos-medico-e-enfermeira-600x538.webp 600w\" sizes=\"(max-width: 800px) 100vw, 800px\" \/>\t\t\t\t\t\t\t\t\t\t\t\t\t\t\t<\/div>\n\t\t\t\t<\/div>\n\t\t<div class=\"elementor-element elementor-element-3944a97 e-con-full e-flex e-con e-child\" data-id=\"3944a97\" data-element_type=\"container\">\n\t\t<div class=\"elementor-element elementor-element-51423db e-con-full e-flex e-con e-child\" data-id=\"51423db\" data-element_type=\"container\">\n\t\t\t\t<div class=\"elementor-element elementor-element-f4e4fc3 elementor-widget elementor-widget-heading\" data-id=\"f4e4fc3\" data-element_type=\"widget\" data-widget_type=\"heading.default\">\n\t\t\t\t\t<h1 class=\"elementor-heading-title elementor-size-default\">Thank you for your request.\n\n\n<\/h1>\t\t\t\t<\/div>\n\t\t\t\t<div class=\"elementor-element elementor-element-7813c79 elementor-widget elementor-widget-text-editor\" data-id=\"7813c79\" data-element_type=\"widget\" data-widget_type=\"text-editor.default\">\n\t\t\t\t\t\t\t\t\t<p>To continue with the service, we ask that you make the payment according to the instructions provided. <strong>Once your payment has been confirmed, you will receive an e-mail with the instructions you need to fill in the pre-consultation form.<\/strong><\/p><p>Please keep an eye on your inbox for the next steps.<\/p>\t\t\t\t\t\t\t\t<\/div>\n\t\t\t\t<div class=\"elementor-element elementor-element-29f90de elementor-mobile-align-center elementor-hidden-widescreen elementor-hidden-desktop elementor-hidden-laptop elementor-hidden-tablet_extra elementor-hidden-tablet elementor-hidden-mobile_extra elementor-hidden-mobile elementor-widget elementor-widget-button\" data-id=\"29f90de\" data-element_type=\"widget\" data-widget_type=\"button.default\">\n\t\t\t\t\t\t\t\t\t\t<a class=\"elementor-button elementor-size-sm\" role=\"button\">\n\t\t\t\t\t\t<span class=\"elementor-button-content-wrapper\">\n\t\t\t\t\t\t\t\t\t<span class=\"elementor-button-text\">Fill in the pre-consultation form<\/span>\n\t\t\t\t\t<\/span>\n\t\t\t\t\t<\/a>\n\t\t\t\t\t\t\t\t<\/div>\n\t\t\t\t<\/div>\n\t\t\t\t<\/div>\n\t\t\t\t\t<\/div>\n\t\t\t\t<\/div>\n\t\t<div class=\"elementor-element elementor-element-386459e e-flex e-con-boxed e-con e-parent\" data-id=\"386459e\" data-element_type=\"container\">\n\t\t\t\t\t<div class=\"e-con-inner\">\n\t\t\t\t\t<\/div>\n\t\t\t\t<\/div>\n\t\t\t\t<\/div>","protected":false},"excerpt":{"rendered":"<p>Agradecemos o seu pedido. Para dar seguimento ao atendimento, solicitamos que efectue o pagamento conforme as instru\u00e7\u00f5es fornecidas. Ap\u00f3s a confirma\u00e7\u00e3o do pagamento, receber\u00e1 um e-mail com as orienta\u00e7\u00f5es necess\u00e1rias para o preenchimento do formul\u00e1rio de pr\u00e9-consulta. Por favor, esteja atento \u00e0 sua caixa de entrada para acompanhar as pr\u00f3ximas etapas. Preencher formul\u00e1rio de pr\u00e9-consulta<\/p>","protected":false},"author":1393,"featured_media":0,"parent":0,"menu_order":0,"comment_status":"closed","ping_status":"closed","template":"elementor_header_footer","meta":{"footnotes":""},"class_list":["post-14194","page","type-page","status-publish","hentry"],"jetpack_sharing_enabled":true,"_links":{"self":[{"href":"https:\/\/www.mediconanet.pt\/en\/wp-json\/wp\/v2\/pages\/14194","targetHints":{"allow":["GET"]}}],"collection":[{"href":"https:\/\/www.mediconanet.pt\/en\/wp-json\/wp\/v2\/pages"}],"about":[{"href":"https:\/\/www.mediconanet.pt\/en\/wp-json\/wp\/v2\/types\/page"}],"author":[{"embeddable":true,"href":"https:\/\/www.mediconanet.pt\/en\/wp-json\/wp\/v2\/users\/1393"}],"replies":[{"embeddable":true,"href":"https:\/\/www.mediconanet.pt\/en\/wp-json\/wp\/v2\/comments?post=14194"}],"version-history":[{"count":6,"href":"https:\/\/www.mediconanet.pt\/en\/wp-json\/wp\/v2\/pages\/14194\/revisions"}],"predecessor-version":[{"id":52934,"href":"https:\/\/www.mediconanet.pt\/en\/wp-json\/wp\/v2\/pages\/14194\/revisions\/52934"}],"wp:attachment":[{"href":"https:\/\/www.mediconanet.pt\/en\/wp-json\/wp\/v2\/media?parent=14194"}],"curies":[{"name":"wp","href":"https:\/\/api.w.org\/{rel}","templated":true}]}}