{"id":2116,"date":"2023-11-07T17:46:42","date_gmt":"2023-11-07T17:46:42","guid":{"rendered":"https:\/\/all1med.com\/?page_id=2116"},"modified":"2025-10-14T17:56:18","modified_gmt":"2025-10-14T16:56:18","slug":"clinical-analyses","status":"publish","type":"page","link":"https:\/\/www.mediconanet.pt\/en\/analises-clinicas\/","title":{"rendered":"Clinical analyses"},"content":{"rendered":"<div data-elementor-type=\"wp-page\" data-elementor-id=\"2116\" class=\"elementor elementor-2116\" data-elementor-post-type=\"page\">\n\t\t\t\t\t\t<section class=\"elementor-section elementor-top-section elementor-element elementor-element-888a554 elementor-section-boxed elementor-section-height-default elementor-section-height-default\" data-id=\"888a554\" data-element_type=\"section\">\n\t\t\t\t\t\t<div class=\"elementor-container elementor-column-gap-default\">\n\t\t\t\t\t<div class=\"elementor-column elementor-col-100 elementor-top-column elementor-element elementor-element-17f1c7a\" data-id=\"17f1c7a\" data-element_type=\"column\">\n\t\t\t<div class=\"elementor-widget-wrap elementor-element-populated\">\n\t\t\t\t\t\t<div class=\"elementor-element elementor-element-6038c1f elementor-widget elementor-widget-heading\" data-id=\"6038c1f\" data-element_type=\"widget\" data-widget_type=\"heading.default\">\n\t\t\t\t\t<h1 class=\"elementor-heading-title elementor-size-default\">Analysis<\/h1>\t\t\t\t<\/div>\n\t\t\t\t<div class=\"elementor-element elementor-element-957c290 elementor-widget elementor-widget-text-editor\" data-id=\"957c290\" data-element_type=\"widget\" data-widget_type=\"text-editor.default\">\n\t\t\t\t\t\t\t\t\t<p><span style=\"font-weight: 400;\">This request costs \u20ac15.00.<\/span><\/p><p><span style=\"font-weight: 400;\">Answer the questions on the form below. Our doctors will assess your request and you will receive it by email within 24 hours.<\/span><\/p>\t\t\t\t\t\t\t\t<\/div>\n\t\t\t\t\t<\/div>\n\t\t<\/div>\n\t\t\t\t\t<\/div>\n\t\t<\/section>\n\t\t\t\t<section class=\"elementor-section elementor-top-section elementor-element elementor-element-12ea129 elementor-section-boxed elementor-section-height-default elementor-section-height-default\" data-id=\"12ea129\" data-element_type=\"section\">\n\t\t\t\t\t\t<div class=\"elementor-container elementor-column-gap-default\">\n\t\t\t\t\t<div class=\"elementor-column elementor-col-100 elementor-top-column elementor-element elementor-element-4d5f36b\" data-id=\"4d5f36b\" data-element_type=\"column\">\n\t\t\t<div class=\"elementor-widget-wrap\">\n\t\t\t\t\t\t\t<\/div>\n\t\t<\/div>\n\t\t\t\t\t<\/div>\n\t\t<\/section>\n\t\t\t\t<\/div>","protected":false},"excerpt":{"rendered":"<p>An\u00e1lises Esta requisi\u00e7\u00e3o custa 15,00\u20ac. Responda \u00e0s perguntas do formul\u00e1rio que se segue. Os nossos m\u00e9dicos ir\u00e3o avaliar e receber\u00e1 a sua requisi\u00e7\u00e3o por email em at\u00e9 24h. &quot;*&quot; indica campos obrigat\u00f3rios Passo 1 de 4 25% DADOS PESSOAIS Nome completo* Nome Apelido Qual a sua cidadania?* Portuguesa Estrangeira N\u00ba Utente de Sa\u00fade* N\u00ba completo [&hellip;]<\/p>\n","protected":false},"author":1,"featured_media":0,"parent":0,"menu_order":0,"comment_status":"closed","ping_status":"closed","template":"","meta":{"footnotes":""},"class_list":["post-2116","page","type-page","status-publish","hentry"],"jetpack_sharing_enabled":true,"_links":{"self":[{"href":"https:\/\/www.mediconanet.pt\/en\/wp-json\/wp\/v2\/pages\/2116","targetHints":{"allow":["GET"]}}],"collection":[{"href":"https:\/\/www.mediconanet.pt\/en\/wp-json\/wp\/v2\/pages"}],"about":[{"href":"https:\/\/www.mediconanet.pt\/en\/wp-json\/wp\/v2\/types\/page"}],"author":[{"embeddable":true,"href":"https:\/\/www.mediconanet.pt\/en\/wp-json\/wp\/v2\/users\/1"}],"replies":[{"embeddable":true,"href":"https:\/\/www.mediconanet.pt\/en\/wp-json\/wp\/v2\/comments?post=2116"}],"version-history":[{"count":0,"href":"https:\/\/www.mediconanet.pt\/en\/wp-json\/wp\/v2\/pages\/2116\/revisions"}],"wp:attachment":[{"href":"https:\/\/www.mediconanet.pt\/en\/wp-json\/wp\/v2\/media?parent=2116"}],"curies":[{"name":"wp","href":"https:\/\/api.w.org\/{rel}","templated":true}]}}