{"id":4481,"date":"2024-03-15T16:32:33","date_gmt":"2024-03-15T16:32:33","guid":{"rendered":"https:\/\/mediconanet.pt\/?page_id=4481"},"modified":"2025-10-14T17:56:23","modified_gmt":"2025-10-14T16:56:23","slug":"cons_tel_success","status":"publish","type":"page","link":"https:\/\/www.mediconanet.pt\/en\/cons_tel_sucesso\/","title":{"rendered":"Cons_tel_success"},"content":{"rendered":"<div data-elementor-type=\"wp-page\" data-elementor-id=\"4481\" class=\"elementor elementor-4481\" data-elementor-post-type=\"page\">\n\t\t\t\t\t\t<section class=\"elementor-section elementor-top-section elementor-element elementor-element-caf3fa6 elementor-section-boxed elementor-section-height-default elementor-section-height-default\" data-id=\"caf3fa6\" data-element_type=\"section\">\n\t\t\t\t\t\t<div class=\"elementor-container elementor-column-gap-default\">\n\t\t\t\t\t<div class=\"elementor-column elementor-col-100 elementor-top-column elementor-element elementor-element-6ea6aad\" data-id=\"6ea6aad\" data-element_type=\"column\">\n\t\t\t<div class=\"elementor-widget-wrap elementor-element-populated\">\n\t\t\t\t\t\t<div class=\"elementor-element elementor-element-eb1474e elementor-widget elementor-widget-text-editor\" data-id=\"eb1474e\" data-element_type=\"widget\" data-widget_type=\"text-editor.default\">\n\t\t\t\t\t\t\t\t\t<p><img decoding=\"async\" class=\"wp-image-4513 alignright\" src=\"https:\/\/www.mediconanet.pt\/wp-content\/uploads\/2024\/03\/icon-check-256.png\" alt=\"\" width=\"179\" height=\"171\" \/><\/p><p>Thank you for choosing our services.<\/p><p><span style=\"font-weight: 400;\">Your telephone appointment has already been successfully booked.<\/span><\/p><p>One of our doctors will call you within the hour following your appointment (example: if you booked at 10am, you will receive the call between 10am and 11am).<\/p><p>Please note that our doctors may need to call from private numbers.<\/p><p>We advise you to stay in a location with good network coverage if you have provided us with a cell phone number.<\/p><p><span style=\"font-weight: 400;\">If, for any reason, it is not possible to carry out the consultation, the amount will be refunded in full through a refund on your card.\u00a0<\/span><\/p><p>See you soon.<\/p>\t\t\t\t\t\t\t\t<\/div>\n\t\t\t\t<div class=\"elementor-element elementor-element-c7006af elementor-widget elementor-widget-image\" data-id=\"c7006af\" data-element_type=\"widget\" data-widget_type=\"image.default\">\n\t\t\t\t\t\t\t\t\t\t\t\t\t\t\t<img fetchpriority=\"high\" decoding=\"async\" width=\"1980\" height=\"500\" src=\"https:\/\/www.mediconanet.pt\/wp-content\/uploads\/2024\/03\/Medico-na-net_Header_homepage_v2.jpg\" class=\"attachment-full size-full wp-image-4290\" alt=\"\" srcset=\"https:\/\/www.mediconanet.pt\/wp-content\/uploads\/2024\/03\/Medico-na-net_Header_homepage_v2.jpg 1980w, https:\/\/www.mediconanet.pt\/wp-content\/uploads\/2024\/03\/Medico-na-net_Header_homepage_v2-300x76.jpg 300w, https:\/\/www.mediconanet.pt\/wp-content\/uploads\/2024\/03\/Medico-na-net_Header_homepage_v2-1024x259.jpg 1024w, https:\/\/www.mediconanet.pt\/wp-content\/uploads\/2024\/03\/Medico-na-net_Header_homepage_v2-768x194.jpg 768w, https:\/\/www.mediconanet.pt\/wp-content\/uploads\/2024\/03\/Medico-na-net_Header_homepage_v2-1536x388.jpg 1536w, https:\/\/www.mediconanet.pt\/wp-content\/uploads\/2024\/03\/Medico-na-net_Header_homepage_v2-18x5.jpg 18w\" sizes=\"(max-width: 1980px) 100vw, 1980px\" \/>\t\t\t\t\t\t\t\t\t\t\t\t\t\t\t<\/div>\n\t\t\t\t\t<\/div>\n\t\t<\/div>\n\t\t\t\t\t<\/div>\n\t\t<\/section>\n\t\t\t\t<\/div>","protected":false},"excerpt":{"rendered":"<p>Obrigado por escolher os nossos servi\u00e7os. A sua consulta telef\u00f3nica j\u00e1 foi agendada com sucesso. Um dos nossoas m\u00e9dicos vai lhe ligar dentro da hora seguinte \u00e0 que foi por si marcada (exemplo: se marcou \u00e0s 10h, vai receber a liga\u00e7\u00e3o entre as 10h e as 11h). Tenha em aten\u00e7\u00e3o que os nossos m\u00e9dicos poder\u00e3o [&hellip;]<\/p>\n","protected":false},"author":1,"featured_media":0,"parent":0,"menu_order":0,"comment_status":"closed","ping_status":"closed","template":"","meta":{"footnotes":""},"class_list":["post-4481","page","type-page","status-publish","hentry"],"jetpack_sharing_enabled":true,"_links":{"self":[{"href":"https:\/\/www.mediconanet.pt\/en\/wp-json\/wp\/v2\/pages\/4481","targetHints":{"allow":["GET"]}}],"collection":[{"href":"https:\/\/www.mediconanet.pt\/en\/wp-json\/wp\/v2\/pages"}],"about":[{"href":"https:\/\/www.mediconanet.pt\/en\/wp-json\/wp\/v2\/types\/page"}],"author":[{"embeddable":true,"href":"https:\/\/www.mediconanet.pt\/en\/wp-json\/wp\/v2\/users\/1"}],"replies":[{"embeddable":true,"href":"https:\/\/www.mediconanet.pt\/en\/wp-json\/wp\/v2\/comments?post=4481"}],"version-history":[{"count":0,"href":"https:\/\/www.mediconanet.pt\/en\/wp-json\/wp\/v2\/pages\/4481\/revisions"}],"wp:attachment":[{"href":"https:\/\/www.mediconanet.pt\/en\/wp-json\/wp\/v2\/media?parent=4481"}],"curies":[{"name":"wp","href":"https:\/\/api.w.org\/{rel}","templated":true}]}}