{"id":44911,"date":"2025-11-14T12:51:10","date_gmt":"2025-11-14T12:51:10","guid":{"rendered":"https:\/\/www.mediconanet.pt\/?page_id=44911"},"modified":"2025-11-14T12:53:01","modified_gmt":"2025-11-14T12:53:01","slug":"general-success-without-form","status":"publish","type":"page","link":"https:\/\/www.mediconanet.pt\/en\/sucesso-geral-sem-form\/","title":{"rendered":"General Success (without form)"},"content":{"rendered":"<div data-elementor-type=\"wp-page\" data-elementor-id=\"44911\" class=\"elementor elementor-44911\" data-elementor-post-type=\"page\">\n\t\t\t\t<div class=\"elementor-element elementor-element-8113037 e-flex e-con-boxed e-con e-parent\" data-id=\"8113037\" data-element_type=\"container\" data-settings=\"{&quot;background_background&quot;:&quot;classic&quot;}\">\n\t\t\t\t\t<div class=\"e-con-inner\">\n\t\t\t\t<div class=\"elementor-element elementor-element-12bd8b7 elementor-widget-widescreen__width-initial elementor-view-default elementor-widget elementor-widget-icon\" data-id=\"12bd8b7\" data-element_type=\"widget\" data-widget_type=\"icon.default\">\n\t\t\t\t\t\t\t<div class=\"elementor-icon-wrapper\">\n\t\t\t<div class=\"elementor-icon\">\n\t\t\t<svg aria-hidden=\"true\" class=\"e-font-icon-svg e-far-check-circle\" viewbox=\"0 0 512 512\" xmlns=\"http:\/\/www.w3.org\/2000\/svg\"><path d=\"M256 8C119.033 8 8 119.033 8 256s111.033 248 248 248 248-111.033 248-248S392.967 8 256 8zm0 48c110.532 0 200 89.451 200 200 0 110.532-89.451 200-200 200-110.532 0-200-89.451-200-200 0-110.532 89.451-200 200-200m140.204 130.267l-22.536-22.718c-4.667-4.705-12.265-4.736-16.97-.068L215.346 303.697l-59.792-60.277c-4.667-4.705-12.265-4.736-16.97-.069l-22.719 22.536c-4.705 4.667-4.736 12.265-.068 16.971l90.781 91.516c4.667 4.705 12.265 4.736 16.97.068l172.589-171.204c4.704-4.668 4.734-12.266.067-16.971z\"><\/path><\/svg>\t\t\t<\/div>\n\t\t<\/div>\n\t\t\t\t\t\t<\/div>\n\t\t\t\t<div class=\"elementor-element elementor-element-352c967 elementor-widget elementor-widget-text-editor\" data-id=\"352c967\" data-element_type=\"widget\" data-widget_type=\"text-editor.default\">\n\t\t\t\t\t\t\t\t\t<p data-start=\"56\" data-end=\"95\"><strong data-start=\"56\" data-end=\"95\">We have successfully received your order.<\/strong><\/p><p data-start=\"97\" data-end=\"216\">We'll be in touch shortly to book your appointment. You don't need to fill in the form at this stage.<\/p><p data-start=\"218\" data-end=\"253\" data-is-last-node=\"\" data-is-only-node=\"\">Thank you for your confidence. See you soon!<\/p>\t\t\t\t\t\t\t\t<\/div>\n\t\t\t\t\t<\/div>\n\t\t\t\t<\/div>\n\t\t\t\t<\/div>","protected":false},"excerpt":{"rendered":"<p>Recebemos o seu pedido com sucesso. Em breve entraremos em contacto para agendar a sua consulta. Nesta fase, ainda n\u00e3o \u00e9 necess\u00e1rio preencher o formul\u00e1rio. Obrigado pela confian\u00e7a. At\u00e9 breve!<\/p>","protected":false},"author":1393,"featured_media":0,"parent":0,"menu_order":0,"comment_status":"closed","ping_status":"closed","template":"","meta":{"footnotes":""},"class_list":["post-44911","page","type-page","status-publish","hentry"],"jetpack_sharing_enabled":true,"_links":{"self":[{"href":"https:\/\/www.mediconanet.pt\/en\/wp-json\/wp\/v2\/pages\/44911","targetHints":{"allow":["GET"]}}],"collection":[{"href":"https:\/\/www.mediconanet.pt\/en\/wp-json\/wp\/v2\/pages"}],"about":[{"href":"https:\/\/www.mediconanet.pt\/en\/wp-json\/wp\/v2\/types\/page"}],"author":[{"embeddable":true,"href":"https:\/\/www.mediconanet.pt\/en\/wp-json\/wp\/v2\/users\/1393"}],"replies":[{"embeddable":true,"href":"https:\/\/www.mediconanet.pt\/en\/wp-json\/wp\/v2\/comments?post=44911"}],"version-history":[{"count":0,"href":"https:\/\/www.mediconanet.pt\/en\/wp-json\/wp\/v2\/pages\/44911\/revisions"}],"wp:attachment":[{"href":"https:\/\/www.mediconanet.pt\/en\/wp-json\/wp\/v2\/media?parent=44911"}],"curies":[{"name":"wp","href":"https:\/\/api.w.org\/{rel}","templated":true}]}}