{"id":4544,"date":"2024-03-15T18:10:42","date_gmt":"2024-03-15T18:10:42","guid":{"rendered":"https:\/\/mediconanet.pt\/?page_id=4544"},"modified":"2025-10-14T17:56:28","modified_gmt":"2025-10-14T16:56:28","slug":"at_success_conduct","status":"publish","type":"page","link":"https:\/\/www.mediconanet.pt\/en\/at_conducao_sucesso\/","title":{"rendered":"At_success_conduct"},"content":{"rendered":"<div data-elementor-type=\"wp-page\" data-elementor-id=\"4544\" class=\"elementor elementor-4544\" data-elementor-post-type=\"page\">\n\t\t\t\t\t\t<section class=\"elementor-section elementor-top-section elementor-element elementor-element-223ec32 elementor-section-boxed elementor-section-height-default elementor-section-height-default\" data-id=\"223ec32\" data-element_type=\"section\">\n\t\t\t\t\t\t<div class=\"elementor-container elementor-column-gap-default\">\n\t\t\t\t\t<div class=\"elementor-column elementor-col-100 elementor-top-column elementor-element elementor-element-1b132725\" data-id=\"1b132725\" data-element_type=\"column\">\n\t\t\t<div class=\"elementor-widget-wrap elementor-element-populated\">\n\t\t\t\t\t\t<div class=\"elementor-element elementor-element-41a02ab2 elementor-widget elementor-widget-text-editor\" data-id=\"41a02ab2\" data-element_type=\"widget\" data-widget_type=\"text-editor.default\">\n\t\t\t\t\t\t\t\t\t<p><img decoding=\"async\" class=\"wp-image-4513 alignright\" src=\"https:\/\/www.mediconanet.pt\/wp-content\/uploads\/2024\/03\/icon-check-256.png\" alt=\"\" width=\"179\" height=\"171\" \/><\/p><p>Thank you for choosing our services.<\/p><p>Your form has been received, as has the payment for the service.<\/p><p>You will receive 2 emails: one with confirmation of your form and the respective invoice if you have requested it, and another email regarding scheduling the necessary video consultation.<\/p><p>See you soon.<\/p>\t\t\t\t\t\t\t\t<\/div>\n\t\t\t\t<div class=\"elementor-element elementor-element-2b7a0ea0 elementor-widget elementor-widget-image\" data-id=\"2b7a0ea0\" data-element_type=\"widget\" data-widget_type=\"image.default\">\n\t\t\t\t\t\t\t\t\t\t\t\t\t\t\t<img fetchpriority=\"high\" decoding=\"async\" width=\"1980\" height=\"500\" src=\"https:\/\/www.mediconanet.pt\/wp-content\/uploads\/2024\/03\/Medico-na-net_Header_homepage_v2.jpg\" class=\"attachment-full size-full wp-image-4290\" alt=\"\" srcset=\"https:\/\/www.mediconanet.pt\/wp-content\/uploads\/2024\/03\/Medico-na-net_Header_homepage_v2.jpg 1980w, https:\/\/www.mediconanet.pt\/wp-content\/uploads\/2024\/03\/Medico-na-net_Header_homepage_v2-300x76.jpg 300w, https:\/\/www.mediconanet.pt\/wp-content\/uploads\/2024\/03\/Medico-na-net_Header_homepage_v2-1024x259.jpg 1024w, https:\/\/www.mediconanet.pt\/wp-content\/uploads\/2024\/03\/Medico-na-net_Header_homepage_v2-768x194.jpg 768w, https:\/\/www.mediconanet.pt\/wp-content\/uploads\/2024\/03\/Medico-na-net_Header_homepage_v2-1536x388.jpg 1536w, https:\/\/www.mediconanet.pt\/wp-content\/uploads\/2024\/03\/Medico-na-net_Header_homepage_v2-18x5.jpg 18w\" sizes=\"(max-width: 1980px) 100vw, 1980px\" \/>\t\t\t\t\t\t\t\t\t\t\t\t\t\t\t<\/div>\n\t\t\t\t\t<\/div>\n\t\t<\/div>\n\t\t\t\t\t<\/div>\n\t\t<\/section>\n\t\t\t\t<\/div>","protected":false},"excerpt":{"rendered":"<p>Obrigado por escolher os nossos servi\u00e7os. O seu formul\u00e1rio foi recebido, assim como o pagamento pelo servi\u00e7o. Vai receber 2 emails: um com a confirma\u00e7\u00e3o do seu formul\u00e1rio e, a respetiva fatura caso a tenha pedido e, outro email referente \u00e0 marca\u00e7\u00e3o da v\u00eddeo consulta necess\u00e1ria. At\u00e9 breve.<\/p>","protected":false},"author":1,"featured_media":0,"parent":0,"menu_order":0,"comment_status":"closed","ping_status":"closed","template":"","meta":{"footnotes":""},"class_list":["post-4544","page","type-page","status-publish","hentry"],"jetpack_sharing_enabled":true,"_links":{"self":[{"href":"https:\/\/www.mediconanet.pt\/en\/wp-json\/wp\/v2\/pages\/4544","targetHints":{"allow":["GET"]}}],"collection":[{"href":"https:\/\/www.mediconanet.pt\/en\/wp-json\/wp\/v2\/pages"}],"about":[{"href":"https:\/\/www.mediconanet.pt\/en\/wp-json\/wp\/v2\/types\/page"}],"author":[{"embeddable":true,"href":"https:\/\/www.mediconanet.pt\/en\/wp-json\/wp\/v2\/users\/1"}],"replies":[{"embeddable":true,"href":"https:\/\/www.mediconanet.pt\/en\/wp-json\/wp\/v2\/comments?post=4544"}],"version-history":[{"count":0,"href":"https:\/\/www.mediconanet.pt\/en\/wp-json\/wp\/v2\/pages\/4544\/revisions"}],"wp:attachment":[{"href":"https:\/\/www.mediconanet.pt\/en\/wp-json\/wp\/v2\/media?parent=4544"}],"curies":[{"name":"wp","href":"https:\/\/api.w.org\/{rel}","templated":true}]}}