{"id":4619,"date":"2024-03-15T18:30:27","date_gmt":"2024-03-15T18:30:27","guid":{"rendered":"https:\/\/mediconanet.pt\/?page_id=4619"},"modified":"2025-10-14T17:56:45","modified_gmt":"2025-10-14T16:56:45","slug":"success_weight","status":"publish","type":"page","link":"https:\/\/www.mediconanet.pt\/en\/ppeso_sucesso\/","title":{"rendered":"Success_weight"},"content":{"rendered":"<div data-elementor-type=\"wp-page\" data-elementor-id=\"4619\" class=\"elementor elementor-4619\" data-elementor-post-type=\"page\">\n\t\t\t\t\t\t<section class=\"elementor-section elementor-top-section elementor-element elementor-element-434dc55f elementor-section-boxed elementor-section-height-default elementor-section-height-default\" data-id=\"434dc55f\" data-element_type=\"section\">\n\t\t\t\t\t\t<div class=\"elementor-container elementor-column-gap-default\">\n\t\t\t\t\t<div class=\"elementor-column elementor-col-100 elementor-top-column elementor-element elementor-element-7f0687d8\" data-id=\"7f0687d8\" data-element_type=\"column\">\n\t\t\t<div class=\"elementor-widget-wrap elementor-element-populated\">\n\t\t\t\t\t\t<div class=\"elementor-element elementor-element-30cbed66 elementor-widget elementor-widget-text-editor\" data-id=\"30cbed66\" data-element_type=\"widget\" data-widget_type=\"text-editor.default\">\n\t\t\t\t\t\t\t\t\t<p><img decoding=\"async\" class=\"wp-image-4513 alignright\" src=\"https:\/\/www.mediconanet.pt\/wp-content\/uploads\/2024\/03\/icon-check-256.png\" alt=\"\" width=\"179\" height=\"171\" \/><\/p><p>Thank you for choosing our services.<\/p><p>Your form has been received, as has the payment for the service.<\/p><p>At the time you choose, our nutritionist will send you a link to your email address so that you can enter the video consultation.<\/p><p>\u00a0<\/p><p>See you soon.<\/p>\t\t\t\t\t\t\t\t<\/div>\n\t\t\t\t<div class=\"elementor-element elementor-element-5b267b1b elementor-widget elementor-widget-image\" data-id=\"5b267b1b\" data-element_type=\"widget\" data-widget_type=\"image.default\">\n\t\t\t\t\t\t\t\t\t\t\t\t\t\t\t<img fetchpriority=\"high\" decoding=\"async\" width=\"1980\" height=\"500\" src=\"https:\/\/www.mediconanet.pt\/wp-content\/uploads\/2024\/03\/Medico-na-net_Header_homepage_v2.jpg\" class=\"attachment-full size-full wp-image-4290\" alt=\"\" srcset=\"https:\/\/www.mediconanet.pt\/wp-content\/uploads\/2024\/03\/Medico-na-net_Header_homepage_v2.jpg 1980w, https:\/\/www.mediconanet.pt\/wp-content\/uploads\/2024\/03\/Medico-na-net_Header_homepage_v2-300x76.jpg 300w, https:\/\/www.mediconanet.pt\/wp-content\/uploads\/2024\/03\/Medico-na-net_Header_homepage_v2-1024x259.jpg 1024w, https:\/\/www.mediconanet.pt\/wp-content\/uploads\/2024\/03\/Medico-na-net_Header_homepage_v2-768x194.jpg 768w, https:\/\/www.mediconanet.pt\/wp-content\/uploads\/2024\/03\/Medico-na-net_Header_homepage_v2-1536x388.jpg 1536w, https:\/\/www.mediconanet.pt\/wp-content\/uploads\/2024\/03\/Medico-na-net_Header_homepage_v2-18x5.jpg 18w\" sizes=\"(max-width: 1980px) 100vw, 1980px\" \/>\t\t\t\t\t\t\t\t\t\t\t\t\t\t\t<\/div>\n\t\t\t\t\t<\/div>\n\t\t<\/div>\n\t\t\t\t\t<\/div>\n\t\t<\/section>\n\t\t\t\t<\/div>","protected":false},"excerpt":{"rendered":"<p>Obrigado por escolher os nossos servi\u00e7os. O seu formul\u00e1rio foi recebido, assim como o pagamento pelo servi\u00e7o. Na hora por si escolhida a nossa nutricionista enviar\u00e1 um link para o seu email, para que possa entrar na video consulta. \u00a0 At\u00e9 breve.<\/p>","protected":false},"author":1,"featured_media":0,"parent":0,"menu_order":0,"comment_status":"closed","ping_status":"closed","template":"","meta":{"footnotes":""},"class_list":["post-4619","page","type-page","status-publish","hentry"],"jetpack_sharing_enabled":true,"_links":{"self":[{"href":"https:\/\/www.mediconanet.pt\/en\/wp-json\/wp\/v2\/pages\/4619","targetHints":{"allow":["GET"]}}],"collection":[{"href":"https:\/\/www.mediconanet.pt\/en\/wp-json\/wp\/v2\/pages"}],"about":[{"href":"https:\/\/www.mediconanet.pt\/en\/wp-json\/wp\/v2\/types\/page"}],"author":[{"embeddable":true,"href":"https:\/\/www.mediconanet.pt\/en\/wp-json\/wp\/v2\/users\/1"}],"replies":[{"embeddable":true,"href":"https:\/\/www.mediconanet.pt\/en\/wp-json\/wp\/v2\/comments?post=4619"}],"version-history":[{"count":0,"href":"https:\/\/www.mediconanet.pt\/en\/wp-json\/wp\/v2\/pages\/4619\/revisions"}],"wp:attachment":[{"href":"https:\/\/www.mediconanet.pt\/en\/wp-json\/wp\/v2\/media?parent=4619"}],"curies":[{"name":"wp","href":"https:\/\/api.w.org\/{rel}","templated":true}]}}