{"id":4625,"date":"2024-03-15T18:31:31","date_gmt":"2024-03-15T18:31:31","guid":{"rendered":"https:\/\/mediconanet.pt\/?page_id=4625"},"modified":"2025-10-14T17:56:46","modified_gmt":"2025-10-14T16:56:46","slug":"success_pill","status":"publish","type":"page","link":"https:\/\/www.mediconanet.pt\/en\/pilula_sucesso\/","title":{"rendered":"success_pill"},"content":{"rendered":"<div data-elementor-type=\"wp-page\" data-elementor-id=\"4625\" class=\"elementor elementor-4625\" data-elementor-post-type=\"page\">\n\t\t\t\t\t\t<section class=\"elementor-section elementor-top-section elementor-element elementor-element-72106f30 elementor-section-boxed elementor-section-height-default elementor-section-height-default\" data-id=\"72106f30\" data-element_type=\"section\">\n\t\t\t\t\t\t<div class=\"elementor-container elementor-column-gap-default\">\n\t\t\t\t\t<div class=\"elementor-column elementor-col-100 elementor-top-column elementor-element elementor-element-4115a797\" data-id=\"4115a797\" data-element_type=\"column\">\n\t\t\t<div class=\"elementor-widget-wrap elementor-element-populated\">\n\t\t\t\t\t\t<div class=\"elementor-element elementor-element-2220dbba elementor-widget elementor-widget-text-editor\" data-id=\"2220dbba\" data-element_type=\"widget\" data-widget_type=\"text-editor.default\">\n\t\t\t\t\t\t\t\t\t<p><img decoding=\"async\" class=\"wp-image-4513 alignright\" src=\"https:\/\/www.mediconanet.pt\/wp-content\/uploads\/2024\/03\/icon-check-256.png\" alt=\"\" width=\"179\" height=\"171\" \/><\/p><p>Thank you for choosing our services.<\/p><p>Your form has been received, as has the payment for the service.<\/p><p>One of our doctors will assess your answers and, if approved, you will receive the prescription in your email.<\/p><p>If not, your money will be refunded, we'll charge your card and the same doctor will send you an email to explain why he rejected your prescription.<\/p><p>See you soon.<\/p>\t\t\t\t\t\t\t\t<\/div>\n\t\t\t\t<div class=\"elementor-element elementor-element-7e88abe0 elementor-widget elementor-widget-image\" data-id=\"7e88abe0\" data-element_type=\"widget\" data-widget_type=\"image.default\">\n\t\t\t\t\t\t\t\t\t\t\t\t\t\t\t<img fetchpriority=\"high\" decoding=\"async\" width=\"1980\" height=\"500\" src=\"https:\/\/www.mediconanet.pt\/wp-content\/uploads\/2024\/03\/Medico-na-net_Header_homepage_v2.jpg\" class=\"attachment-full size-full wp-image-4290\" alt=\"\" srcset=\"https:\/\/www.mediconanet.pt\/wp-content\/uploads\/2024\/03\/Medico-na-net_Header_homepage_v2.jpg 1980w, https:\/\/www.mediconanet.pt\/wp-content\/uploads\/2024\/03\/Medico-na-net_Header_homepage_v2-300x76.jpg 300w, https:\/\/www.mediconanet.pt\/wp-content\/uploads\/2024\/03\/Medico-na-net_Header_homepage_v2-1024x259.jpg 1024w, https:\/\/www.mediconanet.pt\/wp-content\/uploads\/2024\/03\/Medico-na-net_Header_homepage_v2-768x194.jpg 768w, https:\/\/www.mediconanet.pt\/wp-content\/uploads\/2024\/03\/Medico-na-net_Header_homepage_v2-1536x388.jpg 1536w, https:\/\/www.mediconanet.pt\/wp-content\/uploads\/2024\/03\/Medico-na-net_Header_homepage_v2-18x5.jpg 18w\" sizes=\"(max-width: 1980px) 100vw, 1980px\" \/>\t\t\t\t\t\t\t\t\t\t\t\t\t\t\t<\/div>\n\t\t\t\t\t<\/div>\n\t\t<\/div>\n\t\t\t\t\t<\/div>\n\t\t<\/section>\n\t\t\t\t<\/div>","protected":false},"excerpt":{"rendered":"<p>Obrigado por escolher os nossos servi\u00e7os. O seu formul\u00e1rio foi recebido, assim como o pagamento pelo servi\u00e7o. Um dos nossos m\u00e9dicos ir\u00e1 avaliar as suas respostas e, caso seja aprovado, ir\u00e1 receber a receita no seu email. Caso contr\u00e1rio, o seu dinheiro ser\u00e1 devolvido, faremos o estorno no seu cart\u00e3o e, o mesmo m\u00e9dico ir\u00e1 [&hellip;]<\/p>\n","protected":false},"author":1,"featured_media":0,"parent":0,"menu_order":0,"comment_status":"closed","ping_status":"closed","template":"","meta":{"footnotes":""},"class_list":["post-4625","page","type-page","status-publish","hentry"],"jetpack_sharing_enabled":true,"_links":{"self":[{"href":"https:\/\/www.mediconanet.pt\/en\/wp-json\/wp\/v2\/pages\/4625","targetHints":{"allow":["GET"]}}],"collection":[{"href":"https:\/\/www.mediconanet.pt\/en\/wp-json\/wp\/v2\/pages"}],"about":[{"href":"https:\/\/www.mediconanet.pt\/en\/wp-json\/wp\/v2\/types\/page"}],"author":[{"embeddable":true,"href":"https:\/\/www.mediconanet.pt\/en\/wp-json\/wp\/v2\/users\/1"}],"replies":[{"embeddable":true,"href":"https:\/\/www.mediconanet.pt\/en\/wp-json\/wp\/v2\/comments?post=4625"}],"version-history":[{"count":0,"href":"https:\/\/www.mediconanet.pt\/en\/wp-json\/wp\/v2\/pages\/4625\/revisions"}],"wp:attachment":[{"href":"https:\/\/www.mediconanet.pt\/en\/wp-json\/wp\/v2\/media?parent=4625"}],"curies":[{"name":"wp","href":"https:\/\/api.w.org\/{rel}","templated":true}]}}