{"id":8569,"date":"2024-10-20T18:54:27","date_gmt":"2024-10-20T17:54:27","guid":{"rendered":"https:\/\/www.mediconanet.pt\/?page_id=8569"},"modified":"2025-10-14T17:57:36","modified_gmt":"2025-10-14T16:57:36","slug":"video-consultation-link","status":"publish","type":"page","link":"https:\/\/www.mediconanet.pt\/en\/video-consulta-link\/","title":{"rendered":"Video Consultation link"},"content":{"rendered":"<div data-elementor-type=\"wp-page\" data-elementor-id=\"8569\" class=\"elementor elementor-8569\" data-elementor-post-type=\"page\">\n\t\t\t\t\t\t<section class=\"elementor-section elementor-top-section elementor-element elementor-element-b990bb0 elementor-section-boxed elementor-section-height-default elementor-section-height-default\" data-id=\"b990bb0\" data-element_type=\"section\">\n\t\t\t\t\t\t<div class=\"elementor-container elementor-column-gap-default\">\n\t\t\t\t\t<div class=\"elementor-column elementor-col-100 elementor-top-column elementor-element elementor-element-bc434b7\" data-id=\"bc434b7\" data-element_type=\"column\">\n\t\t\t<div class=\"elementor-widget-wrap\">\n\t\t\t\t\t\t\t<\/div>\n\t\t<\/div>\n\t\t\t\t\t<\/div>\n\t\t<\/section>\n\t\t\t\t<\/div>","protected":false},"excerpt":{"rendered":"<p>V\u00eddeo Consulta LINK &quot;*&quot; indica campos obrigat\u00f3rios Passo 1 de 2 50% DADOS PESSOAIS Nome completo* Nome Apelidos Qual a sua cidadania?* Portuguesa Estrangeira N\u00ba Utente de sa\u00fade* N\u00ba completo do Cart\u00e3o Cidad\u00e3o* Email* \u00c9 atrav\u00e9s dele que iremos enviar as confirma\u00e7\u00f5es dos seus pagamentos e servi\u00e7os.Telem\u00f3vel*Escolha o documento de identifica\u00e7\u00e3o*PassaporteCart\u00e3o de Cidad\u00e3oCart\u00e3o de ResidenteN\u00ba [&hellip;]<\/p>\n","protected":false},"author":1,"featured_media":0,"parent":0,"menu_order":0,"comment_status":"closed","ping_status":"closed","template":"","meta":{"footnotes":""},"class_list":["post-8569","page","type-page","status-publish","hentry"],"jetpack_sharing_enabled":true,"_links":{"self":[{"href":"https:\/\/www.mediconanet.pt\/en\/wp-json\/wp\/v2\/pages\/8569","targetHints":{"allow":["GET"]}}],"collection":[{"href":"https:\/\/www.mediconanet.pt\/en\/wp-json\/wp\/v2\/pages"}],"about":[{"href":"https:\/\/www.mediconanet.pt\/en\/wp-json\/wp\/v2\/types\/page"}],"author":[{"embeddable":true,"href":"https:\/\/www.mediconanet.pt\/en\/wp-json\/wp\/v2\/users\/1"}],"replies":[{"embeddable":true,"href":"https:\/\/www.mediconanet.pt\/en\/wp-json\/wp\/v2\/comments?post=8569"}],"version-history":[{"count":0,"href":"https:\/\/www.mediconanet.pt\/en\/wp-json\/wp\/v2\/pages\/8569\/revisions"}],"wp:attachment":[{"href":"https:\/\/www.mediconanet.pt\/en\/wp-json\/wp\/v2\/media?parent=8569"}],"curies":[{"name":"wp","href":"https:\/\/api.w.org\/{rel}","templated":true}]}}