{"id":8602,"date":"2024-10-20T19:05:33","date_gmt":"2024-10-20T18:05:33","guid":{"rendered":"https:\/\/www.mediconanet.pt\/?page_id=8602"},"modified":"2025-10-14T17:57:45","modified_gmt":"2025-10-14T16:57:45","slug":"driving-licence-certificate-link","status":"publish","type":"page","link":"https:\/\/www.mediconanet.pt\/en\/atestado-carta-de-conducao-link\/","title":{"rendered":"Driving licence certificate link"},"content":{"rendered":"<div data-elementor-type=\"wp-page\" data-elementor-id=\"8602\" class=\"elementor elementor-8602\" data-elementor-post-type=\"page\">\n\t\t\t\t\t\t<section class=\"elementor-section elementor-top-section elementor-element elementor-element-9c91d5f elementor-section-boxed elementor-section-height-default elementor-section-height-default\" data-id=\"9c91d5f\" data-element_type=\"section\">\n\t\t\t\t\t\t<div class=\"elementor-container elementor-column-gap-default\">\n\t\t\t\t\t<div class=\"elementor-column elementor-col-100 elementor-top-column elementor-element elementor-element-3f55042\" data-id=\"3f55042\" data-element_type=\"column\">\n\t\t\t<div class=\"elementor-widget-wrap\">\n\t\t\t\t\t\t\t<\/div>\n\t\t<\/div>\n\t\t\t\t\t<\/div>\n\t\t<\/section>\n\t\t\t\t<\/div>","protected":false},"excerpt":{"rendered":"<p>Atestado Carta de Condu\u00e7\u00e3o LINK &quot;*&quot; indica campos obrigat\u00f3rios Passo 1 de 3 33% DADOS PESSOAIS Nome completo* Nome Apelidos AVISO: Se necessitar, pode clicar nestes links para confirmar, para cada Grupo, quando deve fazer a renova\u00e7\u00e3o da sua carta de condu\u00e7\u00e3o e aquilo que necessita para a renovar no IMT: Grupo I | Grupo [&hellip;]<\/p>\n","protected":false},"author":1,"featured_media":0,"parent":0,"menu_order":0,"comment_status":"closed","ping_status":"closed","template":"","meta":{"footnotes":""},"class_list":["post-8602","page","type-page","status-publish","hentry"],"jetpack_sharing_enabled":true,"_links":{"self":[{"href":"https:\/\/www.mediconanet.pt\/en\/wp-json\/wp\/v2\/pages\/8602","targetHints":{"allow":["GET"]}}],"collection":[{"href":"https:\/\/www.mediconanet.pt\/en\/wp-json\/wp\/v2\/pages"}],"about":[{"href":"https:\/\/www.mediconanet.pt\/en\/wp-json\/wp\/v2\/types\/page"}],"author":[{"embeddable":true,"href":"https:\/\/www.mediconanet.pt\/en\/wp-json\/wp\/v2\/users\/1"}],"replies":[{"embeddable":true,"href":"https:\/\/www.mediconanet.pt\/en\/wp-json\/wp\/v2\/comments?post=8602"}],"version-history":[{"count":0,"href":"https:\/\/www.mediconanet.pt\/en\/wp-json\/wp\/v2\/pages\/8602\/revisions"}],"wp:attachment":[{"href":"https:\/\/www.mediconanet.pt\/en\/wp-json\/wp\/v2\/media?parent=8602"}],"curies":[{"name":"wp","href":"https:\/\/api.w.org\/{rel}","templated":true}]}}