{"id":8612,"date":"2024-10-20T19:09:25","date_gmt":"2024-10-20T18:09:25","guid":{"rendered":"https:\/\/www.mediconanet.pt\/?page_id=8612"},"modified":"2025-10-14T17:57:47","modified_gmt":"2025-10-14T16:57:47","slug":"family-assistance-link","status":"publish","type":"page","link":"https:\/\/www.mediconanet.pt\/en\/assistencia-familia-link\/","title":{"rendered":"Family Assistance link"},"content":{"rendered":"<div data-elementor-type=\"wp-page\" data-elementor-id=\"8612\" class=\"elementor elementor-8612\" data-elementor-post-type=\"page\">\n\t\t\t\t\t\t<section class=\"elementor-section elementor-top-section elementor-element elementor-element-2dc2f00 elementor-section-boxed elementor-section-height-default elementor-section-height-default\" data-id=\"2dc2f00\" data-element_type=\"section\">\n\t\t\t\t\t\t<div class=\"elementor-container elementor-column-gap-default\">\n\t\t\t\t\t<div class=\"elementor-column elementor-col-100 elementor-top-column elementor-element elementor-element-88cf17d\" data-id=\"88cf17d\" data-element_type=\"column\">\n\t\t\t<div class=\"elementor-widget-wrap\">\n\t\t\t\t\t\t\t<\/div>\n\t\t<\/div>\n\t\t\t\t\t<\/div>\n\t\t<\/section>\n\t\t\t\t<\/div>","protected":false},"excerpt":{"rendered":"<p>Atestado Assist\u00eancia \u00e0 Fam\u00edlia LINK &quot;*&quot; indica campos obrigat\u00f3rios Passo 1 de 4 25% IDENTIFICA\u00c7\u00c3O DO BENEF\u00cdCI\u00c1RIO Identifica\u00e7\u00e3o de quem pretende receber a baixa\/CIT (n\u00e3o o familiar doente). Nome completo* Nome Apelidos Data de Nascimento* Dia M\u00eas Ano N\u00ba Utente de Sa\u00fade* N\u00ba Seguran\u00e7a Social ou ADSE* N\u00ba completo do Cart\u00e3o Cidad\u00e3lo* Email* \u00c9 atrav\u00e9s [&hellip;]<\/p>\n","protected":false},"author":1,"featured_media":0,"parent":0,"menu_order":0,"comment_status":"closed","ping_status":"closed","template":"","meta":{"footnotes":""},"class_list":["post-8612","page","type-page","status-publish","hentry"],"jetpack_sharing_enabled":true,"_links":{"self":[{"href":"https:\/\/www.mediconanet.pt\/en\/wp-json\/wp\/v2\/pages\/8612","targetHints":{"allow":["GET"]}}],"collection":[{"href":"https:\/\/www.mediconanet.pt\/en\/wp-json\/wp\/v2\/pages"}],"about":[{"href":"https:\/\/www.mediconanet.pt\/en\/wp-json\/wp\/v2\/types\/page"}],"author":[{"embeddable":true,"href":"https:\/\/www.mediconanet.pt\/en\/wp-json\/wp\/v2\/users\/1"}],"replies":[{"embeddable":true,"href":"https:\/\/www.mediconanet.pt\/en\/wp-json\/wp\/v2\/comments?post=8612"}],"version-history":[{"count":0,"href":"https:\/\/www.mediconanet.pt\/en\/wp-json\/wp\/v2\/pages\/8612\/revisions"}],"wp:attachment":[{"href":"https:\/\/www.mediconanet.pt\/en\/wp-json\/wp\/v2\/media?parent=8612"}],"curies":[{"name":"wp","href":"https:\/\/api.w.org\/{rel}","templated":true}]}}