{"id":6298,"date":"2024-07-03T16:04:14","date_gmt":"2024-07-03T16:04:14","guid":{"rendered":"https:\/\/www.mediconanet.pt\/?post_type=product&#038;p=6298"},"modified":"2026-01-07T15:38:33","modified_gmt":"2026-01-07T15:38:33","slug":"weight-loss","status":"publish","type":"product","link":"https:\/\/www.mediconanet.pt\/en\/produto\/perda-de-peso\/","title":{"rendered":"Weight loss"},"content":{"rendered":"<p>Em breve receber\u00e1 uma liga\u00e7\u00e3o dos nossos administrativos para confirma\u00e7\u00e3o dos seus dados e da consulta.<\/p>\n<p>Your case will be analyzed by our team of nutritionists and doctors.<\/p>\n<p>Receive your dietary plan, clinical guidelines, recipes\/prescriptions or test requests when indicated.<\/p>\n<p>A perda de peso significa uma diminui\u00e7\u00e3o no peso corporal, e isso pode acontecer de forma intencional ou n\u00e3o.<\/p>\n<h2><span style=\"color: #000000;\"><strong>Pode ser Saud\u00e1vel?<\/strong><\/span><\/h2>\n<p>Sim, a perda de peso pode ser saud\u00e1vel, desde que seja feita de maneira equilibrada e sustent\u00e1vel, com o objetivo claro de melhorar a sa\u00fade geral. Adotar uma alimenta\u00e7\u00e3o adequada e praticar atividade f\u00edsica regularmente s\u00e3o essenciais para alcan\u00e7ar essa meta. No entanto, cuidado: uma perda de peso extrema e r\u00e1pida pode ser prejudicial e, muitas vezes, sinaliza problemas de sa\u00fade mais s\u00e9rios.<\/p>\n<p>Se a perda de peso for n\u00e3o intencional e significativa, \u00e9 vital consultar um m\u00e9dico. Quando acompanhada de sintomas como fadiga, fraqueza ou dor inexplic\u00e1vel, pode indicar a presen\u00e7a de doen\u00e7as cr\u00f3nicas, dist\u00farbios alimentares, stress, depress\u00e3o, ou ser um efeito secund\u00e1rio de medicamentos.<\/p>\n<p>A quantidade ideal de perda de peso varia de pessoa para pessoa, mas uma redu\u00e7\u00e3o gradual e sustent\u00e1vel, entre 0,5 a 1 quilo por semana, \u00e9 geralmente recomendada. Claro, esse n\u00famero pode mudar conforme as necessidades e objetivos individuais.<\/p>\n<h2><span style=\"color: #000000;\"><strong>Quando devo procurar ajuda?<\/strong><\/span><\/h2>\n<p>Procure ajuda m\u00e9dica se precisar perder peso e estiver a encontrar dificuldades em faz\u00ea-lo. Um m\u00e9dico avaliar\u00e1 a sua sa\u00fade e dar\u00e1 orienta\u00e7\u00f5es espec\u00edficas, garantindo que a perda de peso aconte\u00e7a de forma segura e eficaz.<\/p>\n<p>&nbsp;<\/p>\n<p>Oferecemos-lhe um servi\u00e7o de Consulta apoiado num question\u00e1rio, para de forma r\u00e1pida e segura lhe oferecermos um plano para lidar com a sua situa\u00e7\u00e3o.<\/p>\n<p>The treatments that are approved, and in some cases suggested, by our doctors are in line with best practice for Portuguese medicine. Please note, this service is for non-urgent cases.<\/p>\n<p>If you are feeling unwell, please call 112 for urgent emergencies. Alternatively, you can contact SNS 24 for any non-urgent matters too.<\/p>\n<p>If you have questions about your health problem or treatment, we advise you to schedule a\u00a0<span style=\"color: #54cd5e;\"><a style=\"color: #54cd5e;\" href=\"https:\/\/www.mediconanet.pt\/en\/product\/book-an-appointment-online-by-phone\/\" target=\"_blank\" rel=\"noopener\">Telephone Consultation<\/a><\/span>\u00a0or\u00a0<a href=\"https:\/\/www.mediconanet.pt\/en\/product\/book-appointments\/\" target=\"_blank\" rel=\"noopener\"><span style=\"color: #54cd5e;\">Video Appointment<\/span><\/a>.<\/p>","protected":false},"excerpt":{"rendered":"<div class=\"elementor-element elementor-element-4096934 elementor-widget elementor-widget-heading\" data-id=\"4096934\" data-element_type=\"widget\" data-widget_type=\"heading.default\">\n<h1 class=\"elementor-widget-container\" style=\"text-align: center;\">Weight Loss Consultation<\/h1>\n<\/div>\n<div class=\"elementor-element elementor-element-14c2fd2 elementor-widget elementor-widget-heading\" style=\"text-align: center;\" data-id=\"14c2fd2\" data-element_type=\"widget\" data-widget_type=\"heading.default\">\n<h6 class=\"elementor-widget-container\">If you want to lose weight, do so under the supervision of doctors and nutritionists.<\/h6>\n<\/div>\n<div class=\"elementor-element elementor-element-88b07fd elementor-widget elementor-widget-text-editor\" data-id=\"88b07fd\" data-element_type=\"widget\" data-widget_type=\"text-editor.default\">\n<div class=\"elementor-widget-container\">\n<h6 style=\"text-align: center;\">Schedule your video consultation with our nutritionist and\/or doctor.<\/h6>\n<p>&nbsp;<\/p>\n<\/div>\n<\/div>","protected":false},"featured_media":5133,"template":"","meta":[],"product_brand":[],"product_cat":[80,82],"product_tag":[102],"class_list":{"0":"post-6298","1":"product","2":"type-product","3":"status-publish","4":"has-post-thumbnail","6":"product_cat-nutricao","7":"product_cat-consultas","8":"product_tag-perda-de-peso","10":"first","11":"instock","12":"shipping-taxable","13":"purchasable","14":"product-type-variable"},"jetpack_sharing_enabled":true,"_links":{"self":[{"href":"https:\/\/www.mediconanet.pt\/en\/wp-json\/wp\/v2\/product\/6298","targetHints":{"allow":["GET"]}}],"collection":[{"href":"https:\/\/www.mediconanet.pt\/en\/wp-json\/wp\/v2\/product"}],"about":[{"href":"https:\/\/www.mediconanet.pt\/en\/wp-json\/wp\/v2\/types\/product"}],"wp:featuredmedia":[{"embeddable":true,"href":"https:\/\/www.mediconanet.pt\/en\/wp-json\/wp\/v2\/media\/5133"}],"wp:attachment":[{"href":"https:\/\/www.mediconanet.pt\/en\/wp-json\/wp\/v2\/media?parent=6298"}],"wp:term":[{"taxonomy":"product_brand","embeddable":true,"href":"https:\/\/www.mediconanet.pt\/en\/wp-json\/wp\/v2\/product_brand?post=6298"},{"taxonomy":"product_cat","embeddable":true,"href":"https:\/\/www.mediconanet.pt\/en\/wp-json\/wp\/v2\/product_cat?post=6298"},{"taxonomy":"product_tag","embeddable":true,"href":"https:\/\/www.mediconanet.pt\/en\/wp-json\/wp\/v2\/product_tag?post=6298"}],"curies":[{"name":"wp","href":"https:\/\/api.w.org\/{rel}","templated":true}]}}